{"id":6003,"date":"2021-11-04T14:57:55","date_gmt":"2021-11-04T13:57:55","guid":{"rendered":"https:\/\/nieuw.tollertales.nl\/?page_id=6003"},"modified":"2022-07-22T10:25:13","modified_gmt":"2022-07-22T08:25:13","slug":"mdr1","status":"publish","type":"page","link":"https:\/\/nieuw.tollertales.nl\/index.php\/mdr1\/","title":{"rendered":"MDR1"},"content":{"rendered":"\t\t<div data-elementor-type=\"wp-page\" data-elementor-id=\"6003\" class=\"elementor elementor-6003\" data-elementor-post-type=\"page\">\n\t\t\t\t\t\t<section class=\"elementor-section elementor-top-section elementor-element elementor-element-27e17ee5 elementor-section-boxed elementor-section-height-default elementor-section-height-default\" data-id=\"27e17ee5\" data-element_type=\"section\" data-e-type=\"section\" data-settings=\"{&quot;shape_divider_bottom&quot;:&quot;curve&quot;,&quot;shape_divider_bottom_negative&quot;:&quot;yes&quot;}\">\n\t\t\t\t\t\t\t<div class=\"elementor-background-overlay\"><\/div>\n\t\t\t\t\t\t<div class=\"elementor-shape elementor-shape-bottom\" aria-hidden=\"true\" data-negative=\"true\">\n\t\t\t<svg xmlns=\"http:\/\/www.w3.org\/2000\/svg\" viewBox=\"0 0 1000 100\" preserveAspectRatio=\"none\">\n\t<path class=\"elementor-shape-fill\" d=\"M500,97C126.7,96.3,0.8,19.8,0,0v100l1000,0V1C1000,19.4,873.3,97.8,500,97z\"\/>\n<\/svg>\t\t<\/div>\n\t\t\t\t\t<div class=\"elementor-container elementor-column-gap-default\">\n\t\t\t\t\t<div class=\"elementor-column elementor-col-33 elementor-top-column elementor-element elementor-element-22084d20\" data-id=\"22084d20\" data-element_type=\"column\" data-e-type=\"column\">\n\t\t\t<div class=\"elementor-widget-wrap elementor-element-populated\">\n\t\t\t\t\t\t<div class=\"elementor-element elementor-element-4d9fe462 elementor-search-form--skin-minimal elementor-widget elementor-widget-search-form\" data-id=\"4d9fe462\" data-element_type=\"widget\" data-e-type=\"widget\" data-settings=\"{&quot;skin&quot;:&quot;minimal&quot;}\" data-widget_type=\"search-form.default\">\n\t\t\t\t<div class=\"elementor-widget-container\">\n\t\t\t\t\t\t\t<search role=\"search\">\n\t\t\t<form class=\"elementor-search-form\" action=\"https:\/\/nieuw.tollertales.nl\" method=\"get\">\n\t\t\t\t\t\t\t\t\t\t\t\t<div class=\"elementor-search-form__container\">\n\t\t\t\t\t<label class=\"elementor-screen-only\" for=\"elementor-search-form-4d9fe462\">Zoeken<\/label>\n\n\t\t\t\t\t\t\t\t\t\t\t<div class=\"elementor-search-form__icon\">\n\t\t\t\t\t\t\t<i aria-hidden=\"true\" class=\"fas fa-search\"><\/i>\t\t\t\t\t\t\t<span class=\"elementor-screen-only\">Zoeken<\/span>\n\t\t\t\t\t\t<\/div>\n\t\t\t\t\t\n\t\t\t\t\t<input id=\"elementor-search-form-4d9fe462\" placeholder=\"\" class=\"elementor-search-form__input\" type=\"search\" name=\"s\" value=\"\">\n\t\t\t\t\t\n\t\t\t\t\t\n\t\t\t\t\t\t\t\t\t<\/div>\n\t\t\t<\/form>\n\t\t<\/search>\n\t\t\t\t\t\t<\/div>\n\t\t\t\t<\/div>\n\t\t\t\t<div class=\"elementor-element elementor-element-39cb1f82 elementor-nav-menu--dropdown-tablet elementor-nav-menu__text-align-aside elementor-nav-menu--toggle elementor-nav-menu--burger elementor-widget elementor-widget-nav-menu\" data-id=\"39cb1f82\" data-element_type=\"widget\" data-e-type=\"widget\" data-settings=\"{&quot;layout&quot;:&quot;horizontal&quot;,&quot;submenu_icon&quot;:{&quot;value&quot;:&quot;&lt;i class=\\&quot;fas fa-caret-down\\&quot; aria-hidden=\\&quot;true\\&quot;&gt;&lt;\\\/i&gt;&quot;,&quot;library&quot;:&quot;fa-solid&quot;},&quot;toggle&quot;:&quot;burger&quot;}\" data-widget_type=\"nav-menu.default\">\n\t\t\t\t<div class=\"elementor-widget-container\">\n\t\t\t\t\t\t\t\t<nav aria-label=\"Menu\" class=\"elementor-nav-menu--main elementor-nav-menu__container elementor-nav-menu--layout-horizontal e--pointer-underline e--animation-fade\">\n\t\t\t\t<ul id=\"menu-1-39cb1f82\" class=\"elementor-nav-menu\"><li class=\"menu-item menu-item-type-post_type menu-item-object-page menu-item-1980\"><a href=\"https:\/\/nieuw.tollertales.nl\/index.php\/gezondheid\/\" data-ps2id-api=\"true\" class=\"elementor-item menu-link\">Gezondheid<\/a><\/li>\n<li class=\"menu-item menu-item-type-post_type menu-item-object-page menu-item-1979\"><a href=\"https:\/\/nieuw.tollertales.nl\/index.php\/algemeen\/\" data-ps2id-api=\"true\" class=\"elementor-item menu-link\">Algemeen<\/a><\/li>\n<li class=\"menu-item menu-item-type-post_type menu-item-object-page menu-item-6036\"><a href=\"https:\/\/nieuw.tollertales.nl\/index.php\/ziekten\/\" data-ps2id-api=\"true\" class=\"elementor-item menu-link\">Ziekten<\/a><\/li>\n<li class=\"menu-item menu-item-type-post_type menu-item-object-page menu-item-1977\"><a href=\"https:\/\/nieuw.tollertales.nl\/index.php\/vergiftigingen\/\" data-ps2id-api=\"true\" class=\"elementor-item menu-link\">Vergiftigingen<\/a><\/li>\n<li class=\"menu-item menu-item-type-post_type menu-item-object-page menu-item-6616\"><a href=\"https:\/\/nieuw.tollertales.nl\/index.php\/informatie-onderzoeken\/\" data-ps2id-api=\"true\" class=\"elementor-item menu-link\">Informatie<\/a><\/li>\n<li class=\"menu-item menu-item-type-post_type menu-item-object-page menu-item-1975\"><a href=\"https:\/\/nieuw.tollertales.nl\/index.php\/uitslagen\/\" data-ps2id-api=\"true\" class=\"elementor-item menu-link\">Uitslagen<\/a><\/li>\n<\/ul>\t\t\t<\/nav>\n\t\t\t\t\t<div class=\"elementor-menu-toggle\" role=\"button\" tabindex=\"0\" aria-label=\"Menu toggle\" aria-expanded=\"false\">\n\t\t\t<i aria-hidden=\"true\" role=\"presentation\" class=\"elementor-menu-toggle__icon--open eicon-menu-bar\"><\/i><i aria-hidden=\"true\" role=\"presentation\" class=\"elementor-menu-toggle__icon--close eicon-close\"><\/i>\t\t<\/div>\n\t\t\t\t\t<nav class=\"elementor-nav-menu--dropdown elementor-nav-menu__container\" aria-hidden=\"true\">\n\t\t\t\t<ul id=\"menu-2-39cb1f82\" class=\"elementor-nav-menu\"><li class=\"menu-item menu-item-type-post_type menu-item-object-page menu-item-1980\"><a href=\"https:\/\/nieuw.tollertales.nl\/index.php\/gezondheid\/\" data-ps2id-api=\"true\" class=\"elementor-item menu-link\" tabindex=\"-1\">Gezondheid<\/a><\/li>\n<li class=\"menu-item menu-item-type-post_type menu-item-object-page menu-item-1979\"><a href=\"https:\/\/nieuw.tollertales.nl\/index.php\/algemeen\/\" data-ps2id-api=\"true\" class=\"elementor-item menu-link\" tabindex=\"-1\">Algemeen<\/a><\/li>\n<li class=\"menu-item menu-item-type-post_type menu-item-object-page menu-item-6036\"><a href=\"https:\/\/nieuw.tollertales.nl\/index.php\/ziekten\/\" data-ps2id-api=\"true\" class=\"elementor-item menu-link\" tabindex=\"-1\">Ziekten<\/a><\/li>\n<li class=\"menu-item menu-item-type-post_type menu-item-object-page menu-item-1977\"><a href=\"https:\/\/nieuw.tollertales.nl\/index.php\/vergiftigingen\/\" data-ps2id-api=\"true\" class=\"elementor-item menu-link\" tabindex=\"-1\">Vergiftigingen<\/a><\/li>\n<li class=\"menu-item menu-item-type-post_type menu-item-object-page menu-item-6616\"><a href=\"https:\/\/nieuw.tollertales.nl\/index.php\/informatie-onderzoeken\/\" data-ps2id-api=\"true\" class=\"elementor-item menu-link\" tabindex=\"-1\">Informatie<\/a><\/li>\n<li class=\"menu-item menu-item-type-post_type menu-item-object-page menu-item-1975\"><a href=\"https:\/\/nieuw.tollertales.nl\/index.php\/uitslagen\/\" data-ps2id-api=\"true\" class=\"elementor-item menu-link\" tabindex=\"-1\">Uitslagen<\/a><\/li>\n<\/ul>\t\t\t<\/nav>\n\t\t\t\t\t\t<\/div>\n\t\t\t\t<\/div>\n\t\t\t\t\t<\/div>\n\t\t<\/div>\n\t\t\t\t<div class=\"elementor-column elementor-col-33 elementor-top-column elementor-element elementor-element-557d901a\" data-id=\"557d901a\" data-element_type=\"column\" data-e-type=\"column\">\n\t\t\t<div class=\"elementor-widget-wrap elementor-element-populated\">\n\t\t\t\t\t\t<div class=\"elementor-element elementor-element-8b99084 elementor-invisible elementor-widget elementor-widget-image\" data-id=\"8b99084\" data-element_type=\"widget\" data-e-type=\"widget\" data-settings=\"{&quot;_animation&quot;:&quot;zoomIn&quot;}\" data-widget_type=\"image.default\">\n\t\t\t\t<div class=\"elementor-widget-container\">\n\t\t\t\t\t\t\t\t\t\t\t\t\t\t\t<img fetchpriority=\"high\" decoding=\"async\" width=\"768\" height=\"177\" src=\"https:\/\/nieuw.tollertales.nl\/wp-content\/uploads\/2021\/09\/header-3a-768x177.png\" class=\"attachment-medium_large size-medium_large wp-image-1799\" alt=\"\" srcset=\"https:\/\/nieuw.tollertales.nl\/wp-content\/uploads\/2021\/09\/header-3a-768x177.png 768w, https:\/\/nieuw.tollertales.nl\/wp-content\/uploads\/2021\/09\/header-3a-300x69.png 300w, https:\/\/nieuw.tollertales.nl\/wp-content\/uploads\/2021\/09\/header-3a.png 909w\" sizes=\"(max-width: 768px) 100vw, 768px\" \/>\t\t\t\t\t\t\t\t\t\t\t\t\t\t\t<\/div>\n\t\t\t\t<\/div>\n\t\t\t\t\t<\/div>\n\t\t<\/div>\n\t\t\t\t<div class=\"elementor-column elementor-col-33 elementor-top-column elementor-element elementor-element-2a1baf49\" data-id=\"2a1baf49\" data-element_type=\"column\" data-e-type=\"column\">\n\t\t\t<div class=\"elementor-widget-wrap\">\n\t\t\t\t\t\t\t<\/div>\n\t\t<\/div>\n\t\t\t\t\t<\/div>\n\t\t<\/section>\n\t\t\t\t<section class=\"elementor-section elementor-top-section elementor-element elementor-element-78f05c50 elementor-section-boxed elementor-section-height-default elementor-section-height-default\" data-id=\"78f05c50\" data-element_type=\"section\" data-e-type=\"section\">\n\t\t\t\t\t\t<div class=\"elementor-container elementor-column-gap-default\">\n\t\t\t\t\t<div class=\"elementor-column elementor-col-100 elementor-top-column elementor-element elementor-element-67319d86\" data-id=\"67319d86\" data-element_type=\"column\" data-e-type=\"column\">\n\t\t\t<div class=\"elementor-widget-wrap elementor-element-populated\">\n\t\t\t\t\t\t<div class=\"elementor-element elementor-element-502a163d elementor-widget elementor-widget-text-editor\" data-id=\"502a163d\" data-element_type=\"widget\" data-e-type=\"widget\" data-widget_type=\"text-editor.default\">\n\t\t\t\t<div class=\"elementor-widget-container\">\n\t\t\t\t\t\t\t\t\t<h3>MDR1 gendefect<\/h3><div>\u00a0<\/div><h3>Medicijnovergevoeligheid bij collies en aanverwante rassen<\/h3><p>Het is al jaren bekend dat er bij collies en aanverwante rassen een overgevoeligheid voor bepaalde geneesmiddelen voorkomt. Het middel ivermectine, dat ingezet wordt bij de bestrijding van wormen en andere parasitaire infecties, is in deze berucht. Bij honden met een overgevoeligheid voor dit middel kunnen na toediening vergiftigingsverschijnselen, die vooral betrekking hebben op het zenuwstelsel, ontstaan. De honden kunnen toevallen met spierkrampen krijgen, ze kunnen bewusteloos en zelfs in coma raken. De hartslag kan vertragen met als gevolg zuurstofgebrek en een daling van de lichaamstemperatuur. Daarnaast kunnen de dieren gaan speekselen, braken of diarree krijgen. Helaas is het al meerdere malen voorgekomen dat een dier overlijdt, na de toediening van een &#8220;simpel&#8221; ontwormingsmiddel (met daarin de stof ivermectine).<\/p><p>Uit onderzoek is naar voren gekomen binnen welke hondenrassen deze overgevoeligheid voorkomt en dat het een erfelijke aandoening is. Helaas is ivermectine niet het enige middel waarvoor de overgevoeligheid bestaat. Daarnaast is er een DNA-test beschikbaar waarmee op voorhand kan worden vastgesteld welke honden in de problemen kunnen komen bij de toediening van bepaalde medicijnen. Dit is niet alleen voor de betreffende hond, eigenaar en hun dierenarts zeer belangrijke informatie, ook voor fokkers is dit een doorbraak omdat ze nu bij het fokken van honden kunnen gaan selecteren op dieren die niet aan medicijnovergevoeligheid lijden.<\/p><h3>Rassen die risico&#8217;s lopen<\/h3><p>Aanvankelijk werd de medicijnovergevoeligheid vooral beschreven als een probleem bij Collies. Intussen weten we dat niet alleen Collies aangedaan zijn met het gendefect.<\/p><table cellspacing=\"0\" cellpadding=\"5\"><tbody><tr><td><em>Voor de Nova Scotia Duck Tolling Retriever is de test in 2008 vrijgegeven op basis van web-informatie. Sindsdien zijn er enkele Nova Scotia Duck Tolling Retriever onderzocht voor MDR1, deze aantallen zijn niet voldoende om een verantwoorde conclusie mogelijk te maken. Bij de fokaangelegenhedencommissie zijn tot nu toe geen MDR1 dragers of lijders bekend.<\/em><\/td><\/tr><\/tbody><\/table><h3>Medicijnen die problemen kunnen veroorzaken<\/h3><p>Ivermectine is het meest beruchte medicijn, maar er zijn meer medicijnen beschreven die problemen kunnen veroorzaken bij de bovengenoemde rassen:<\/p><table cellspacing=\"0\" cellpadding=\"5\"><tbody><tr><td valign=\"top\"><h3>Klasse A<\/h3><\/td><td valign=\"top\">Gebruik deze medicijnen niet voor honden met MDR1 gen defect<\/td><td valign=\"top\"><h3>Ivermectine stoffen<\/h3><p>Tegen parasieten zoals wormen, mijten en luizen: Diapec, Ecomectin, Equimax, Eqvalan, Ivomec, Noromectin, Paramectin, Qualimec, Sumex, Virbamec.<\/p><h3>Doramectine stoffen<\/h3><p>Tegen parasieten zoals wormen, mijten en luizen: Dectomax.<\/p><h3>Loperamide stoffen<\/h3><p>Ter bestrijding van diarree: Imodium<\/p><h3>Moxidectine stoffen<\/h3><p>Tegen parasieten zoals wormen, mijten en luizen: Cydectin, erzoek, Flagyl (de werkzame stof in Flagyl is metronidazol).<\/p><\/td><\/tr><tr><td valign=\"top\"><h3>Klasse B<\/h3><\/td><td valign=\"top\">Gebruik alleen onder nauw toezicht van dierenarts<\/td><td valign=\"top\"><h3>Cytostatica (Chemotherapie):<\/h3><p>Vinblastine, Vincristine, Doxorubicine, Paclitaxel, Docetaxel, Methotrexat, Vincristine.<\/p><h3>Immunosuppressieve:<\/h3><p>Ter onderdrukking van de werking van het immuunsysteem: Cyclosporine A.<\/p><h3>Glucosiden (heterosiden):<\/h3><p>Ter versterking van de hartfunctie: Digoxine, Methyldigoxine.<\/p><h3>Ter bestrijding van hartritmestoornissen<\/h3><p>Verapamil, Diltiazem, Chinidine.<\/p><h3>Opiaten<\/h3><p>Morphium.<\/p><h3>Ter bestrijding van misselijkheid en braken<\/h3><p>Ondansetron, Domperidon, Metoclopramide.<\/p><h3>Ter onderdrukking van allergische reacties<\/h3><p>Ebastine.<\/p><h3>Celgroeiremmers, remming groei van tumoren<\/h3><p>Vincristine, Vinblastine en Doxorubicine.<\/p><h3>Glucocorticoide<\/h3><p>Ontstekingsremmer, remt allergische reacties: Dexamethason.<\/p><h3>Antibiotica<\/h3><p>Ter bestrijding van bacteriele infecties. Sparfloxacin, Grepafloxacin, Erythromycin.<\/p><h3>Acepromazine<\/h3><p>Kalmeringsmiddel en pre-anesthetic agent*<\/p><h3>Butorfanol<\/h3><p>Pijnstillende en pre-anesthetic agent*<\/p><h3>Andere medicijnen:<\/h3><p>Etoposide, Mitoxantrone, Paclitaxel, rifampicine.<\/p><\/td><\/tr><tr><td valign=\"top\"><h3>Klasse C<\/h3><\/td><td valign=\"top\">Kan alleen worden gebruikt in de toegestane vorm en dosis!<\/td><td valign=\"top\">Selamectin (Stronghold), Milbemax en Advocate.<\/td><\/tr><tr><td colspan=\"3\" valign=\"top\">* Bij honden met de MDR1 mutatie, neigen acepromazine en Butorfanol een meer diepgaande en langdurige sedatie te veroorzaken. Het wordt aanbevolen om de dosis met 25% te verminderen voor honden die de MDR1 mutatie heterozygoot dragen (MDR1 \/ N) en met 30-50% bij honden die de MDR1 mutatie homozygoot dragen (MDR1 \/ MDR1).<\/td><\/tr><\/tbody><\/table><p>We moeten aannemen dat deze rij geneesmiddelen nog niet volledig is en dat er in de loop van de tijd meer medicijnen aan toegevoegd kunnen worden.<\/p><h3>Het MDR1 gen<\/h3><p>Honden met een overgevoeligheid voor bovengenoemde medicijnen hebben een defect in het DNA in het zogenaamde Multi Drug Resistence 1 gen (MDR1-gen). Het MDR1-gen zorgt voor de productie van P-glycoproteine, een stof die ervoor moet zorgen dat allerlei toxische stoffen slechts in geringe concentraties in de hersencellen kunnen voorkomen. Honden met een MDR1 gendefect kunnen de stof P-glycoproteine niet maken, waardoor bepaalde stoffen (in ieder geval de bovenstaande medicijnen) niet uit de hersencellen geweerd kunnen worden. Hierdoor wordt de concentratie van deze stoffen in de hersencellen zo hoog dat ze giftig kunnen worden en voor problemen zorgen.<\/p><h3>DNA testen<\/h3><p>DNA testen voor MDR1 zijn bij verschillende laboratoria beschikbaar om vast te stellen of het MDR1-defect aanwezig is.<\/p><h3>Uitslag van de test<\/h3><p>Elke hond beschikt op het MDR1 gen over twee MDR1-allelen, \u00e9\u00e9n is afkomstig van de moeder en \u00e9\u00e9n van de vader. De testuitslag kan dus drie verschillende uitkomsten bevatten:<\/p><h3>Gezond: twee normale MDR1 allelen (N\/N):<\/h3><p>Bij de keuze van geneesmiddelen hoeft geen bijzondere voorzichtigheid in acht genomen te worden en kunnen bovengenoemde medicijnen zonder een verhoogde kans op problemen toegediend krijgen. Ongewenste bijwerkingen van geneesmiddelen, zoals die voor elk dier gelden, kunnen natuurlijk niet uitgesloten worden.<\/p><h3>Drager: een normaal en een defect MDR1 allel (MDR1\/N):<\/h3><p>Drager van een defect MDR1 allel. Deze dieren kunnen de medicijnovergevoeligheid wel doorgeven aan hun nakomelingen, maar hebben zelf zeer waarschijnlijk geen last van medicijnovergevoeligheid. Ongewenste bijwerkingen van geneesmiddelen, zoals die voor elk dier gelden, kunnen natuurlijk niet uitgesloten worden.<\/p><h3>Lijder: twee defecte MDR1 allelen (MDR1\/MDR1):<\/h3><p>Deze dieren hebben een overgevoeligheid voor bovengenoemde medicijnen en misschien voor nog wel meer medicijnen. Deze middelen moeten bij deze dieren dus zeker niet toegepast worden. Ze geven het defecte allel zeker door aan hun nakomelingen. Hierbij moet de kanttekening gemaakt worden dat deze dieren voor het overige, voor zover nu bekend, volkomen normaal functionerende dieren zijn.<\/p><table cellspacing=\"0\" cellpadding=\"5\"><tbody><tr><td><em>Voor de Nova Scotia Duck Tolling Retriever zijn er geen regels vastgesteld in het fokreglement omdat er slechts enkele Nova Scotia Duck Tolling Retriever zijn onderzocht voor MDR1, deze aantallen zijn niet voldoende om een verantwoorde conclusie mogelijk te maken. Bij de fokaangelegenhedencommissie zijn tot nu toe geen MDR1 dragers of lijders bekend.<\/em><\/td><\/tr><\/tbody><\/table>\t\t\t\t\t\t\t\t<\/div>\n\t\t\t\t<\/div>\n\t\t\t\t\t<\/div>\n\t\t<\/div>\n\t\t\t\t\t<\/div>\n\t\t<\/section>\n\t\t\t\t<\/div>\n\t\t","protected":false},"excerpt":{"rendered":"<p>MDR1 gendefect \u00a0 Medicijnovergevoeligheid bij collies en aanverwante rassen Het is al jaren bekend dat er bij collies en aanverwante rassen een overgevoeligheid voor bepaalde geneesmiddelen voorkomt. Het middel ivermectine, dat ingezet wordt bij de bestrijding van wormen en andere parasitaire infecties, is in deze berucht. Bij honden met een overgevoeligheid voor dit middel kunnen [&hellip;]<\/p>\n","protected":false},"author":7,"featured_media":0,"parent":0,"menu_order":0,"comment_status":"closed","ping_status":"closed","template":"elementor_header_footer","meta":{"site-sidebar-layout":"no-sidebar","site-content-layout":"page-builder","ast-site-content-layout":"default","site-content-style":"default","site-sidebar-style":"default","ast-global-header-display":"","ast-banner-title-visibility":"","ast-main-header-display":"","ast-hfb-above-header-display":"","ast-hfb-below-header-display":"","ast-hfb-mobile-header-display":"","site-post-title":"disabled","ast-breadcrumbs-content":"","ast-featured-img":"disabled","footer-sml-layout":"","ast-disable-related-posts":"","theme-transparent-header-meta":"","adv-header-id-meta":"","stick-header-meta":"","header-above-stick-meta":"","header-main-stick-meta":"","header-below-stick-meta":"","astra-migrate-meta-layouts":"default","ast-page-background-enabled":"default","ast-page-background-meta":{"desktop":{"background-color":"var(--ast-global-color-4)","background-image":"","background-repeat":"repeat","background-position":"center center","background-size":"auto","background-attachment":"scroll","background-type":"","background-media":"","overlay-type":"","overlay-color":"","overlay-opacity":"","overlay-gradient":""},"tablet":{"background-color":"","background-image":"","background-repeat":"repeat","background-position":"center center","background-size":"auto","background-attachment":"scroll","background-type":"","background-media":"","overlay-type":"","overlay-color":"","overlay-opacity":"","overlay-gradient":""},"mobile":{"background-color":"","background-image":"","background-repeat":"repeat","background-position":"center center","background-size":"auto","background-attachment":"scroll","background-type":"","background-media":"","overlay-type":"","overlay-color":"","overlay-opacity":"","overlay-gradient":""}},"ast-content-background-meta":{"desktop":{"background-color":"var(--ast-global-color-5)","background-image":"","background-repeat":"repeat","background-position":"center center","background-size":"auto","background-attachment":"scroll","background-type":"","background-media":"","overlay-type":"","overlay-color":"","overlay-opacity":"","overlay-gradient":""},"tablet":{"background-color":"var(--ast-global-color-5)","background-image":"","background-repeat":"repeat","background-position":"center center","background-size":"auto","background-attachment":"scroll","background-type":"","background-media":"","overlay-type":"","overlay-color":"","overlay-opacity":"","overlay-gradient":""},"mobile":{"background-color":"var(--ast-global-color-5)","background-image":"","background-repeat":"repeat","background-position":"center center","background-size":"auto","background-attachment":"scroll","background-type":"","background-media":"","overlay-type":"","overlay-color":"","overlay-opacity":"","overlay-gradient":""}},"footnotes":""},"class_list":["post-6003","page","type-page","status-publish","hentry"],"_links":{"self":[{"href":"https:\/\/nieuw.tollertales.nl\/index.php\/wp-json\/wp\/v2\/pages\/6003","targetHints":{"allow":["GET"]}}],"collection":[{"href":"https:\/\/nieuw.tollertales.nl\/index.php\/wp-json\/wp\/v2\/pages"}],"about":[{"href":"https:\/\/nieuw.tollertales.nl\/index.php\/wp-json\/wp\/v2\/types\/page"}],"author":[{"embeddable":true,"href":"https:\/\/nieuw.tollertales.nl\/index.php\/wp-json\/wp\/v2\/users\/7"}],"replies":[{"embeddable":true,"href":"https:\/\/nieuw.tollertales.nl\/index.php\/wp-json\/wp\/v2\/comments?post=6003"}],"version-history":[{"count":19,"href":"https:\/\/nieuw.tollertales.nl\/index.php\/wp-json\/wp\/v2\/pages\/6003\/revisions"}],"predecessor-version":[{"id":8990,"href":"https:\/\/nieuw.tollertales.nl\/index.php\/wp-json\/wp\/v2\/pages\/6003\/revisions\/8990"}],"wp:attachment":[{"href":"https:\/\/nieuw.tollertales.nl\/index.php\/wp-json\/wp\/v2\/media?parent=6003"}],"curies":[{"name":"wp","href":"https:\/\/api.w.org\/{rel}","templated":true}]}}